{"id":77,"date":"2024-11-04T19:34:23","date_gmt":"2024-11-04T18:34:23","guid":{"rendered":"https:\/\/modrykostol.fara.sk\/eshop\/?post_type=product&#038;p=77"},"modified":"2024-11-04T19:45:47","modified_gmt":"2024-11-04T18:45:47","slug":"booklet-es","status":"publish","type":"product","link":"https:\/\/modrykostol.fara.sk\/eshop\/produkt\/booklet-es\/","title":{"rendered":"Booklet ES"},"content":{"rendered":"<p>La Iglesia Azul. La Iglesia parroquial cat\u00f3lica romana de Santa Isabel, 56 p\u00e1ginas (PDF). \u00cdNDICE:<\/p>\n<p>La Iglesia Azul 7<br \/>\nLa Bratislava de Santa Isabel 9<br \/>\nLas leyendas de Santa Isabel 12<br \/>\nHistoria de la iglesia 14<br \/>\nEn el punto de mira de los medios de comunicaci\u00f3n, los pol\u00edticos y el p\u00fablico 16<br \/>\nUna iglesia en vez de capilla 17<br \/>\nLa huella \u00fanica del maestro de la arquitectura 18<br \/>\nDesde la inspiraci\u00f3n oriental hasta un estilo \u00fanico 21<br \/>\nEl ba\u00fal de los ornamentos 22<br \/>\nUn interior imponente 30<br \/>\nUn templo repleto de simbolog\u00eda 33<br \/>\nMosaicos del templo con representaciones de soberanos h\u00fangaros 36<br \/>\nLuz eterna en forma de coraz\u00f3n 40<br \/>\nEl altar mayor 41<br \/>\nLa l\u00e1mpara de ara\u00f1a como una columna de fuego 44<br \/>\nUnidos por las rosas 46<br \/>\nV\u00eda Crucis, cruces rojas y vidrieras \u00fanicas 48<br \/>\nEl cielo encima de nuestras cabezas 49<br \/>\nEl instrumento de los reyes 50<br \/>\nV\u00edctimas de la destrucci\u00f3n del pasado 51<br \/>\nHermoso durante todo el a\u00f1o, pero a\u00fan m\u00e1s bello vestido de Navidad 54<br \/>\nFuentes y literatura utilizada 56<\/p>\n<p>Autor de los textos: \u00a9 Silvia M\u00e1ria Petrovitsov\u00e1, \u00a9 2024<\/p>\n","protected":false},"excerpt":{"rendered":"<p>La Iglesia Azul. La Iglesia parroquial cat\u00f3lica romana de Santa Isabel, 56 p\u00e1ginas (PDF).<\/p>\n<p>Al comprar esta gu\u00eda nos ayuda en el sustento de la labor de la Iglesia parroquial<br \/>\ncat\u00f3lica romana de Santa Isabel de Hungr\u00eda, situada en Bratislava.<\/p>\n","protected":false},"featured_media":78,"comment_status":"open","ping_status":"closed","template":"","meta":[],"product_brand":[],"product_cat":[20],"product_tag":[],"class_list":{"0":"post-77","1":"product","2":"type-product","3":"status-publish","4":"has-post-thumbnail","6":"product_cat-booklets","8":"first","9":"instock","10":"downloadable","11":"virtual","12":"purchasable","13":"product-type-simple"},"_links":{"self":[{"href":"https:\/\/modrykostol.fara.sk\/eshop\/wp-json\/wp\/v2\/product\/77","targetHints":{"allow":["GET"]}}],"collection":[{"href":"https:\/\/modrykostol.fara.sk\/eshop\/wp-json\/wp\/v2\/product"}],"about":[{"href":"https:\/\/modrykostol.fara.sk\/eshop\/wp-json\/wp\/v2\/types\/product"}],"replies":[{"embeddable":true,"href":"https:\/\/modrykostol.fara.sk\/eshop\/wp-json\/wp\/v2\/comments?post=77"}],"wp:featuredmedia":[{"embeddable":true,"href":"https:\/\/modrykostol.fara.sk\/eshop\/wp-json\/wp\/v2\/media\/78"}],"wp:attachment":[{"href":"https:\/\/modrykostol.fara.sk\/eshop\/wp-json\/wp\/v2\/media?parent=77"}],"wp:term":[{"taxonomy":"product_brand","embeddable":true,"href":"https:\/\/modrykostol.fara.sk\/eshop\/wp-json\/wp\/v2\/product_brand?post=77"},{"taxonomy":"product_cat","embeddable":true,"href":"https:\/\/modrykostol.fara.sk\/eshop\/wp-json\/wp\/v2\/product_cat?post=77"},{"taxonomy":"product_tag","embeddable":true,"href":"https:\/\/modrykostol.fara.sk\/eshop\/wp-json\/wp\/v2\/product_tag?post=77"}],"curies":[{"name":"wp","href":"https:\/\/api.w.org\/{rel}","templated":true}]}}