{"id":72,"date":"2024-11-04T19:24:04","date_gmt":"2024-11-04T18:24:04","guid":{"rendered":"https:\/\/modrykostol.fara.sk\/eshop\/?post_type=product&#038;p=72"},"modified":"2024-11-04T19:39:29","modified_gmt":"2024-11-04T18:39:29","slug":"booklet-de","status":"publish","type":"product","link":"https:\/\/modrykostol.fara.sk\/eshop\/produkt\/booklet-de\/","title":{"rendered":"Booklet DE"},"content":{"rendered":"<p>Blaue Kirche. R\u00f6misch-katholische Pfarrkirche St. Elisabeth, 56 Seiten (PDF). INHALT:<\/p>\n<p>Blaue Kirche 7<br \/>\nBratislava &#8211; die Stadt der Hl. Elisabeth 9<br \/>\nElisabethanische Legenden 12<br \/>\nGeschichte der Blauen Kirche 14<br \/>\nUnter den wachsamen Augen von Medien, Politikern und \u00d6ffentlichkeit 16<br \/>\nStatt einer Kapelle eine Kirche 17<br \/>\nEinzigartige Handschrift eines Meisters der Architektur 18<br \/>\nVon orientalischen Inspirationen zu einem einzigartigen Stil 21<br \/>\nSchatzkammer voller Ornamente 22<br \/>\nBeeindruckendes Interieur 30<br \/>\nEine Kirche voller Symbolik 33<br \/>\nMosaiken der Kirche mit ungarischen heiliggesprochenen Herrschern 36<br \/>\nEwiges Licht in Form eines Herzens 40<br \/>\nHauptaltar 41<br \/>\nEin Kronleuchter wie eine Feuers\u00e4ule 44<br \/>\nVerbunden durch Rosen 46<br \/>\nKreuzweg, rote Kreuze und einzigartige Buntglasfenster 48<br \/>\nDer Himmel \u00fcber dem Kopf 49<br \/>\nOrgel: k\u00f6nigliches Instrument 50<br \/>\nOpfer der Vergangenheitsbew\u00e4ltigung 51<br \/>\nGanzj\u00e4hrig sch\u00f6n, am sch\u00f6nsten im weihnachtlichen Kleid 54<br \/>\nVerwendete Quellen und Literatur 56<\/p>\n<p>&nbsp;<\/p>\n<p>Autor der Texte: \u00a9 Silvia M\u00e1ria Petrovitsov\u00e1, \u00a9 2024<\/p>\n","protected":false},"excerpt":{"rendered":"<p>Blaue Kirche. R\u00f6misch-katholische Pfarrkirche St. Elisabeth, 56 Seiten (PDF).<\/p>\n<p>Mit dem Kauf dieser Publikation unterst\u00fctzen Sie die Aktivit\u00e4ten der r\u00f6misch-<br \/>\nkatholischen Pfarrkirche der Heiligen Elisabeth von Ungarn in Bratislava.<\/p>\n","protected":false},"featured_media":73,"comment_status":"open","ping_status":"closed","template":"","meta":[],"product_brand":[],"product_cat":[20],"product_tag":[],"class_list":{"0":"post-72","1":"product","2":"type-product","3":"status-publish","4":"has-post-thumbnail","6":"product_cat-booklets","8":"first","9":"instock","10":"downloadable","11":"virtual","12":"purchasable","13":"product-type-simple"},"_links":{"self":[{"href":"https:\/\/modrykostol.fara.sk\/eshop\/wp-json\/wp\/v2\/product\/72","targetHints":{"allow":["GET"]}}],"collection":[{"href":"https:\/\/modrykostol.fara.sk\/eshop\/wp-json\/wp\/v2\/product"}],"about":[{"href":"https:\/\/modrykostol.fara.sk\/eshop\/wp-json\/wp\/v2\/types\/product"}],"replies":[{"embeddable":true,"href":"https:\/\/modrykostol.fara.sk\/eshop\/wp-json\/wp\/v2\/comments?post=72"}],"wp:featuredmedia":[{"embeddable":true,"href":"https:\/\/modrykostol.fara.sk\/eshop\/wp-json\/wp\/v2\/media\/73"}],"wp:attachment":[{"href":"https:\/\/modrykostol.fara.sk\/eshop\/wp-json\/wp\/v2\/media?parent=72"}],"wp:term":[{"taxonomy":"product_brand","embeddable":true,"href":"https:\/\/modrykostol.fara.sk\/eshop\/wp-json\/wp\/v2\/product_brand?post=72"},{"taxonomy":"product_cat","embeddable":true,"href":"https:\/\/modrykostol.fara.sk\/eshop\/wp-json\/wp\/v2\/product_cat?post=72"},{"taxonomy":"product_tag","embeddable":true,"href":"https:\/\/modrykostol.fara.sk\/eshop\/wp-json\/wp\/v2\/product_tag?post=72"}],"curies":[{"name":"wp","href":"https:\/\/api.w.org\/{rel}","templated":true}]}}