{"id":68,"date":"2024-11-04T19:12:23","date_gmt":"2024-11-04T18:12:23","guid":{"rendered":"https:\/\/modrykostol.fara.sk\/eshop\/?post_type=product&#038;p=68"},"modified":"2024-11-04T19:40:27","modified_gmt":"2024-11-04T18:40:27","slug":"booklet-fr","status":"publish","type":"product","link":"https:\/\/modrykostol.fara.sk\/eshop\/produkt\/booklet-fr\/","title":{"rendered":"Booklet FR"},"content":{"rendered":"<p>L\u2019\u00c9glise Bleue. \u00c9glise paroissiale catholique romaine Sainte-\u00c9lisabeth, 56 pages (PDF). Table des mati\u00e8res:<\/p>\n<p>\u00c9glise Bleue 7<br \/>\nBratislava de la Sainte \u00c9lisabeth 9<br \/>\nLes l\u00e9gendes \u00e9lisab\u00e9thaines 12<br \/>\nHistoire de l\u2019\u00e9glise 14<br \/>\nSous le feu des projecteurs des organes de communication,<br \/>\ndes politiciens et de l\u2019opinion publique 16<br \/>\n\u00c9glise au lieu de chapelle 17<br \/>\nStyle unique d\u2019un ma\u00eetre de l\u2019architecture 18<br \/>\nDes inspirations orientales vers un style unique 21<br \/>\nTr\u00e9sor de d\u00e9corations 22<br \/>\nInt\u00e9rieur imposant 30<br \/>\n\u00c9glise riche en symboles 33<br \/>\nMosa\u00efques de l\u2019\u00e9glise repr\u00e9sentant les souverains hongrois 36<br \/>\nLumi\u00e8re \u00e9ternelle en forme de c\u0153ur 40<br \/>\nMa\u00eetre-autel 41<br \/>\nLustre qui ressemblant \u00e0 un pilier de feu 44<br \/>\nLi\u00e9 par des roses 46<br \/>\nChemin de croix, croix rouges et vitraux exceptionnels 48<br \/>\nCiel au-dessus de la t\u00eate 49<br \/>\nInstrument royal 50<br \/>\nVictimes de l\u2019an\u00e9antissement du pass\u00e9 51<br \/>\nBelle toute l\u2019ann\u00e9e mais particuli\u00e8rement resplendissante \u00e0 No\u00ebl 54<br \/>\nBibliographie et sources utilis\u00e9es 56<\/p>\n<p>&nbsp;<\/p>\n<p>Auteur des textes:\u00a9 Silvia M\u00e1ria Petrovitsov\u00e1, \u00a9 2024<\/p>\n","protected":false},"excerpt":{"rendered":"<p>L\u2019\u00c9glise Bleue. \u00c9glise paroissiale catholique romaine Sainte-\u00c9lisabeth, 56 pages (PDF).<\/p>\n<p>En achetant le pr\u00e9sent ouvrage vous soutenez le travail de l\u2019\u00c9glise paroissiale<br \/>\ncatholique romaine Sainte-\u00c9lisabeth de Hongrie \u00e0 Bratislava.<\/p>\n","protected":false},"featured_media":69,"comment_status":"open","ping_status":"closed","template":"","meta":[],"product_brand":[],"product_cat":[20],"product_tag":[],"class_list":{"0":"post-68","1":"product","2":"type-product","3":"status-publish","4":"has-post-thumbnail","6":"product_cat-booklets","8":"first","9":"instock","10":"downloadable","11":"virtual","12":"purchasable","13":"product-type-simple"},"_links":{"self":[{"href":"https:\/\/modrykostol.fara.sk\/eshop\/wp-json\/wp\/v2\/product\/68","targetHints":{"allow":["GET"]}}],"collection":[{"href":"https:\/\/modrykostol.fara.sk\/eshop\/wp-json\/wp\/v2\/product"}],"about":[{"href":"https:\/\/modrykostol.fara.sk\/eshop\/wp-json\/wp\/v2\/types\/product"}],"replies":[{"embeddable":true,"href":"https:\/\/modrykostol.fara.sk\/eshop\/wp-json\/wp\/v2\/comments?post=68"}],"wp:featuredmedia":[{"embeddable":true,"href":"https:\/\/modrykostol.fara.sk\/eshop\/wp-json\/wp\/v2\/media\/69"}],"wp:attachment":[{"href":"https:\/\/modrykostol.fara.sk\/eshop\/wp-json\/wp\/v2\/media?parent=68"}],"wp:term":[{"taxonomy":"product_brand","embeddable":true,"href":"https:\/\/modrykostol.fara.sk\/eshop\/wp-json\/wp\/v2\/product_brand?post=68"},{"taxonomy":"product_cat","embeddable":true,"href":"https:\/\/modrykostol.fara.sk\/eshop\/wp-json\/wp\/v2\/product_cat?post=68"},{"taxonomy":"product_tag","embeddable":true,"href":"https:\/\/modrykostol.fara.sk\/eshop\/wp-json\/wp\/v2\/product_tag?post=68"}],"curies":[{"name":"wp","href":"https:\/\/api.w.org\/{rel}","templated":true}]}}