{"id":34,"date":"2024-10-17T20:53:17","date_gmt":"2024-10-17T18:53:17","guid":{"rendered":"https:\/\/modrykostol.fara.sk\/eshop\/?post_type=product&#038;p=34"},"modified":"2024-11-05T08:16:39","modified_gmt":"2024-11-05T07:16:39","slug":"booklet-sk","status":"publish","type":"product","link":"https:\/\/modrykostol.fara.sk\/eshop\/produkt\/booklet-sk\/","title":{"rendered":"Bro\u017e\u00fara SK"},"content":{"rendered":"<p>Modr\u00fd kostol. R\u00edmsko-katol\u00edcky farsk\u00fd kostol sv. Al\u017ebety, 56 stranov\u00e1 informa\u010dn\u00e1 bro\u017e\u00fara (vo form\u00e1te PDF) s nasledovn\u00fdm obsahom:<\/p>\n<p>Modr\u00fd kostol\u00edk 7<br \/>\nBratislava sv. Al\u017ebety 9<br \/>\nAl\u017ebet\u00ednske legendy 12<br \/>\nHist\u00f3ria kostola 14<br \/>\nPod drobnoh\u013eadom m\u00e9di\u00ed, politikov i verejnosti 16<br \/>\nNamiesto kaplnky kostol 17<br \/>\nJedine\u010dn\u00fd rukopis majstra architekt\u00fary 18<br \/>\nOd orient\u00e1lnych in\u0161pir\u00e1ci\u00ed k jedine\u010dn\u00e9mu \u0161t\u00fdlu 20<br \/>\nPokladnica ornamentov 21<br \/>\nImpozantn\u00fd interi\u00e9r 30<br \/>\nChr\u00e1m pln\u00fd symboliky 33<br \/>\nMozaiky chr\u00e1mu s uhorsk\u00fdmi panovn\u00edkmi 36<br \/>\nVe\u010dn\u00e9 svetlo v tvare srdca 40<br \/>\nHlavn\u00fd olt\u00e1r 41<br \/>\nLuster ako ohniv\u00fd st\u013ap 44<br \/>\nSpojen\u00e9 ru\u017eami 46<br \/>\nKr\u00ed\u017eov\u00e1 cesta, \u010derven\u00e9 kr\u00ed\u017ee a jedine\u010dn\u00e9 vitr\u00e1\u017ee 48<br \/>\nNebo nad hlavou 49<br \/>\nKr\u00e1\u013eovsk\u00fd n\u00e1stroj 50<br \/>\nObete likvid\u00e1cie minulosti 52<br \/>\nKr\u00e1sny celoro\u010dne, najkraj\u0161\u00ed vo viano\u010dnom \u0161ate 54<br \/>\nPramene a literat\u00fara 56<\/p>\n<p>&nbsp;<\/p>\n<p>Texty: \u00a9 Silvia M\u00e1ria Petrovitsov\u00e1, 2024<\/p>\n","protected":false},"excerpt":{"rendered":"<p>Modr\u00fd kostol. R\u00edmsko-katol\u00edcky farsk\u00fd kostol sv. Al\u017ebety, 56 stranov\u00e1 informa\u010dn\u00e1 bro\u017e\u00fara (vo form\u00e1te PDF) o Kostole sv. Al\u017ebety Uhorskej v Bratislave.<\/p>\n<p>K\u00fapou tejto publik\u00e1cie poskytujete milodar na podporu \u010dinnosti r\u00edmsko-katol\u00edckeho<br \/>\nfarsk\u00e9ho kostola sv. Al\u017ebety Uhorskej v Bratislave.<\/p>\n","protected":false},"featured_media":87,"comment_status":"open","ping_status":"closed","template":"","meta":[],"product_brand":[],"product_cat":[20],"product_tag":[],"class_list":{"0":"post-34","1":"product","2":"type-product","3":"status-publish","4":"has-post-thumbnail","6":"product_cat-booklets","8":"first","9":"instock","10":"downloadable","11":"virtual","12":"purchasable","13":"product-type-simple"},"_links":{"self":[{"href":"https:\/\/modrykostol.fara.sk\/eshop\/wp-json\/wp\/v2\/product\/34","targetHints":{"allow":["GET"]}}],"collection":[{"href":"https:\/\/modrykostol.fara.sk\/eshop\/wp-json\/wp\/v2\/product"}],"about":[{"href":"https:\/\/modrykostol.fara.sk\/eshop\/wp-json\/wp\/v2\/types\/product"}],"replies":[{"embeddable":true,"href":"https:\/\/modrykostol.fara.sk\/eshop\/wp-json\/wp\/v2\/comments?post=34"}],"wp:featuredmedia":[{"embeddable":true,"href":"https:\/\/modrykostol.fara.sk\/eshop\/wp-json\/wp\/v2\/media\/87"}],"wp:attachment":[{"href":"https:\/\/modrykostol.fara.sk\/eshop\/wp-json\/wp\/v2\/media?parent=34"}],"wp:term":[{"taxonomy":"product_brand","embeddable":true,"href":"https:\/\/modrykostol.fara.sk\/eshop\/wp-json\/wp\/v2\/product_brand?post=34"},{"taxonomy":"product_cat","embeddable":true,"href":"https:\/\/modrykostol.fara.sk\/eshop\/wp-json\/wp\/v2\/product_cat?post=34"},{"taxonomy":"product_tag","embeddable":true,"href":"https:\/\/modrykostol.fara.sk\/eshop\/wp-json\/wp\/v2\/product_tag?post=34"}],"curies":[{"name":"wp","href":"https:\/\/api.w.org\/{rel}","templated":true}]}}